{"id":1184,"date":"2025-12-23T10:00:59","date_gmt":"2025-12-23T09:00:59","guid":{"rendered":"https:\/\/lavanderianuba.com\/?page_id=1184"},"modified":"2026-03-20T11:55:37","modified_gmt":"2026-03-20T10:55:37","slug":"aviso-legal","status":"publish","type":"page","link":"https:\/\/lavanderianuba.com\/es\/aviso-legal\/","title":{"rendered":"Lege Informazioa"},"content":{"rendered":"\n[et_pb_section fb_built=\u00bb1&#8243; theme_builder_area=\u00bbpost_content\u00bb _builder_version=\u00bb4.27.4&#8243; _module_preset=\u00bbdefault\u00bb][et_pb_row _builder_version=\u00bb4.27.4&#8243; _module_preset=\u00bbdefault\u00bb theme_builder_area=\u00bbpost_content\u00bb][et_pb_column _builder_version=\u00bb4.27.4&#8243; _module_preset=\u00bbdefault\u00bb type=\u00bb4_4&#8243; theme_builder_area=\u00bbpost_content\u00bb][et_pb_text _builder_version=\u00bb4.27.4&#8243; _module_preset=\u00bbdefault\u00bb theme_builder_area=\u00bbpost_content\u00bb hover_enabled=\u00bb0&#8243; sticky_enabled=\u00bb0&#8243;]<h1>Informaci\u00f3n legal<\/h1>\n<p>En cumplimiento de la normativa vigente le informamos que el dominio de internet <a href=\"https:\/\/www.lavanderianuba.com\" style=\"color: #299ad5; text-decoration: underline;\">www.lavanderianuba.com<\/a> es titularidad de Lavanderia Industrial Nuba, S.L. (NIF: B56505894), con domicilio social en C\/ Mestre Vivies, 46 \u2013 17800 Olot (Girona), y correo electr\u00f3nico <a href=\"mailto:lavanderianuba@lavanderianuba.com\" style=\"color: #299ad5; text-decoration: underline;\">lavanderianuba@lavanderianuba.com<\/a><\/p>\n<p>El sitio web ubicado en <a href=\"https:\/\/www.lavanderianuba.com\" style=\"color: #299ad5; text-decoration: underline;\">www.lavanderianuba.com<\/a> (en adelante \u201cel sitio web\u201d) es propiedad de Lavanderia Industrial Nuba, S.L. (en adelante \u201cLavander\u00eda Nuba\u201d o \u201cResponsable del Tratamiento\u201d). La persona que visita y utiliza este sitio web es usuaria del sitio web (en adelante \u201cla persona usuaria\u201d).<\/p>\n<p>La actividad principal de la Lavander\u00eda Nuba se centra en ofrecer un servicio integral de suministro, recogida, lavado, control de calidad y entrega final de ropa de trabajo, y actividades relacionadas.<\/p>\n<p>La Lavanderia Nuba act\u00faa como Responsable del Tratamiento en relaci\u00f3n con los tratamientos de datos personales que se realizan a trav\u00e9s de este sitio web. No obstante, en aquellos casos en los que la empresa publique noticias y enlaces a sitios web o redes sociales externas, su funci\u00f3n es meramente informativa y los posibles tratamientos de datos personales que se puedan producir en relaci\u00f3n con los contenidos de noticias y enlaces y su utilizaci\u00f3n por parte de las personas usuarias no son titularidad de la empresa.<\/p>\n<h2>1. Finalidades<\/h2>\n<p>Las finalidades principales del sitio web son dar a conocer los servicios y actividades de la empresa, y proporcionar una herramienta de contacto, consulta y comunicaci\u00f3n con las personas interesadas, e informar, organizar y difundir las actividades e iniciativas en las que la empresa participa.<\/p>\n<h2>2. Condiciones Generales<\/h2>\n<p>La persona usuaria accede a este sitio web de forma voluntaria. El acceso a este sitio web tiene car\u00e1cter gratuito. La navegaci\u00f3n en este sitio web implica aceptar y conocer las advertencias legales, condiciones y t\u00e9rminos de uso, pol\u00edtica de privacidad y pol\u00edtica de cookies contenidos en \u00e9l. Si la persona usuaria no est\u00e1 de acuerdo con estas condiciones y no las acepta sin reserva, no podr\u00e1 hacer uso del sitio web.<\/p>\n<p>El acceso al sitio web, as\u00ed como el uso que pueda hacerse de la informaci\u00f3n y utilidades que contiene, son de la exclusiva responsabilidad de la persona usuaria, que se compromete a utilizarlo con respeto a la buena fe, al ordenamiento jur\u00eddico, de manera \u00e9tica y de acuerdo con sus finalidades. La persona usuaria no puede hacer un uso il\u00edcito de la informaci\u00f3n y utilidades contenidas en el sitio web, ni llevar a cabo acciones que puedan da\u00f1ar o alterar su contenido, funcionamiento, los sistemas inform\u00e1ticos del sitio web, del Responsable del Tratamiento o de otras personas usuarias.<\/p>\n<p>Queda prohibida la inclusi\u00f3n y comunicaci\u00f3n de contenidos, por parte de las personas usuarias, que sean falsos o inexactos y que induzcan o puedan inducir a error al Responsable del Tratamiento, las personas usuarias del sitio web o terceros. Queda prohibido el uso de datos personales de terceros sin su consentimiento previo y expreso, as\u00ed como el uso de datos identificativos de terceros con el \u00e1nimo de suplantar su identidad. La persona usuaria ser\u00e1 la \u00fanica responsable de los perjuicios que cause.<\/p>\n<h2>3. Exclusi\u00f3n de garant\u00edas y responsabilidad<\/h2>\n<p>El Responsable del Tratamiento realiza los m\u00e1ximos esfuerzos a su alcance para evitar errores en los contenidos y utilidades que se publican en el sitio web, reserv\u00e1ndose la facultad de poder modificarlos en cualquier momento. El Responsable del Tratamiento declina expresamente cualquier responsabilidad por error u omisi\u00f3n en los contenidos de este sitio web y de los da\u00f1os y perjuicios que puedan deberse a su falta de veracidad, exactitud o actualizaci\u00f3n.<\/p>\n<p>El sitio web puede ofrecer enlaces a otros sitios web. El Responsable del Tratamiento no asume ninguna responsabilidad en relaci\u00f3n con estos sitios enlazados ya que no tiene control sobre ellos, su contenido, productos y servicios ofrecidos, etc. La finalidad de estos enlaces es informar de otras fuentes de informaci\u00f3n, por lo que la persona usuaria accede bajo su exclusiva responsabilidad al contenido y en las condiciones de uso que rijan en ellas. En el caso de enlaces a redes sociales, titularidad del Responsable del Tratamiento o de terceros, las mismas se regir\u00e1n por sus propias condiciones de uso.<\/p>\n<p>El Responsable del Tratamiento no se responsabilizar\u00e1 de ninguna consecuencia, da\u00f1o o perjuicio que pudieran derivarse del uso de este sitio web o de sus contenidos y utilidades, incluidos da\u00f1os inform\u00e1ticos y la introducci\u00f3n de virus o cualquier tipo de software malicioso. El Responsable del Tratamiento no garantiza la ausencia de virus ni de otros elementos da\u00f1inos en el sitio web, introducidos por terceras personas, que puedan producir alteraciones en los sistemas f\u00edsicos o l\u00f3gicos de las personas usuarias, pero utiliza los medios a su alcance para que esto no suceda.<\/p>\n<p>El Responsable del Tratamiento se reserva el derecho de modificar o borrar en cualquier momento, sin previo aviso o justificaci\u00f3n expresa, el dise\u00f1o, la configuraci\u00f3n y la informaci\u00f3n contenida en este sitio web, si as\u00ed lo estima oportuno y seg\u00fan su criterio. El Responsable del Tratamiento no se hace responsable de los perjuicios que estas modificaciones puedan causar. No obstante, utilizar\u00e1 los recursos que tenga a su alcance para informar a las personas usuarias de dichas modificaciones.<\/p>\n<h2>4. Propiedad intelectual<\/h2>\n<p>Los derechos de propiedad intelectual e industrial de este sitio web y de los elementos contenidos, incluyendo con car\u00e1cter meramente enunciativo sus p\u00e1ginas, secciones, estructura, apariencia, dise\u00f1o, pantallas, la informaci\u00f3n y utilidades que contiene, c\u00f3digo fuente, textos, fotograf\u00edas, im\u00e1genes, sonido, audios, v\u00eddeos, animaciones, combinaciones de colores,\u202fproductos y servicios, marcas, logotipos, lemas, etc.) son propiedad del Responsable del Tratamiento, salvo que se especifique otra cosa.<\/p>\n<p>En ning\u00fan caso el acceso o navegaci\u00f3n en el sitio web implica renuncia, transmisi\u00f3n o licencia total o parcial del Responsable del Tratamiento para uso personal o profesional a la persona usuaria sobre sus derechos de propiedad intelectual e industrial. Quedan prohibidas la reproducci\u00f3n, distribuci\u00f3n, comercializaci\u00f3n, comunicaci\u00f3n p\u00fablica, transformaci\u00f3n o cualquier otra actividad que se pueda realizar con los contenidos y utilidades de este sitio web, salvo autorizaci\u00f3n previa, expresa y por escrito por parte del Responsable del Tratamiento.<\/p>\n<p>La persona usuaria se compromete a no realizar ninguna acci\u00f3n que perjudique la titularidad del sitio web y sus contenidos. La utilizaci\u00f3n no autorizada de la informaci\u00f3n y utilidades contenidas en el sitio web, as\u00ed como los perjuicios ocasionados en los derechos de propiedad intelectual e industrial del Responsable del Tratamiento o, en su caso, otros titulares, pueden dar lugar al ejercicio de las acciones que legalmente correspondan y, si procede, a las responsabilidades que de dicho ejercicio se deriven, incluyendo las de naturaleza econ\u00f3mica.<\/p>\n<h2>5. Vigencia y modificaciones<\/h2>\n<p>La empresa se reserva el derecho de modificar estas Condiciones de acuerdo con su criterio, bien con la finalidad de adecuarse a los cambios legislativos, bien con el fin de llevar a cabo otro tipo de actualizaciones o mejoras. Estas modificaciones ser\u00e1n v\u00e1lidas desde su publicaci\u00f3n en el sitio web. La relaci\u00f3n con las personas usuarias se regir\u00e1 por las normas previstas en el momento en que se accede al sitio web. Es por ello por lo que el Responsable del Tratamiento le recomienda revisar estas Condiciones cada vez que se conecte al sitio web.<\/p>\n<h2>6. Jurisdicci\u00f3n<\/h2>\n<p>Las relaciones establecidas entre la empresa y la persona usuaria se regir\u00e1n por lo dispuesto en la normativa vigente acerca de la legislaci\u00f3n aplicable y la jurisdicci\u00f3n competente. No obstante, para los casos en los que la normativa prevea la posibilidad a las partes de someterse a un fuero, el Responsable del Tratamiento y la persona usuaria, con renuncia expresa a cualquier otro fuero que pudiera corresponderles, se someten a los Juzgados y Tribunales de Gipuzkoa.<\/p>\n<p>El Responsable del Tratamiento perseguir\u00e1 el incumplimiento de estas Condiciones, as\u00ed como cualquier utilizaci\u00f3n indebida de los contenidos y utilidades presentados en su sitio web ejerciendo todas las acciones civiles y penales que le puedan corresponder en Derecho, incluyendo las de naturaleza penal y econ\u00f3mica.<\/p>[\/et_pb_text][\/et_pb_column][\/et_pb_row][\/et_pb_section]\n","protected":false},"excerpt":{"rendered":"<p>Informaci\u00f3n legal En cumplimiento de la normativa vigente le informamos que el dominio de internet www.lavanderianuba.com es titularidad de Lavanderia Industrial Nuba, S.L. (NIF: B56505894), con domicilio social en C\/ Mestre Vivies, 46 \u2013 17800 Olot (Girona), y correo electr\u00f3nico lavanderianuba@lavanderianuba.com El sitio web ubicado en www.lavanderianuba.com (en adelante \u201cel sitio web\u201d) es propiedad de [&hellip;]<\/p>\n","protected":false},"author":1,"featured_media":0,"parent":0,"menu_order":0,"comment_status":"closed","ping_status":"closed","template":"","meta":{"_et_pb_use_builder":"on","_et_pb_old_content":"","_et_gb_content_width":"","inline_featured_image":false,"footnotes":""},"class_list":["post-1184","page","type-page","status-publish","hentry"],"yoast_head":"<!-- This site is optimized with the Yoast SEO plugin v27.2 - https:\/\/yoast.com\/product\/yoast-seo-wordpress\/ -->\n<title>Lege Informazioa - Lavanderia NUBA<\/title>\n<meta name=\"description\" content=\"Hemen aurkituko duzu webgune honen lege-oharra eta erabilera-baldintzak. Informazio guztia gardentasun osoz eskuragarri.\" \/>\n<meta name=\"robots\" content=\"index, follow, max-snippet:-1, max-image-preview:large, max-video-preview:-1\" \/>\n<link rel=\"canonical\" href=\"https:\/\/lavanderianuba.com\/es\/aviso-legal\/\" \/>\n<meta property=\"og:locale\" content=\"es_ES\" \/>\n<meta property=\"og:type\" content=\"article\" \/>\n<meta property=\"og:title\" content=\"Lege Informazioa - Lavanderia NUBA\" \/>\n<meta property=\"og:description\" content=\"Hemen aurkituko duzu webgune honen lege-oharra eta erabilera-baldintzak. Informazio guztia gardentasun osoz eskuragarri.\" \/>\n<meta property=\"og:url\" content=\"https:\/\/lavanderianuba.com\/es\/aviso-legal\/\" \/>\n<meta property=\"og:site_name\" content=\"Lavanderia NUBA\" \/>\n<meta property=\"article:modified_time\" content=\"2026-03-20T10:55:37+00:00\" \/>\n<meta name=\"twitter:card\" content=\"summary_large_image\" \/>\n<meta name=\"twitter:label1\" content=\"Tiempo de lectura\" \/>\n\t<meta name=\"twitter:data1\" content=\"6 minutos\" \/>\n<script type=\"application\/ld+json\" class=\"yoast-schema-graph\">{\"@context\":\"https:\/\/schema.org\",\"@graph\":[{\"@type\":\"WebPage\",\"@id\":\"https:\/\/lavanderianuba.com\/aviso-legal\/\",\"url\":\"https:\/\/lavanderianuba.com\/aviso-legal\/\",\"name\":\"Lege Informazioa - Lavanderia NUBA\",\"isPartOf\":{\"@id\":\"https:\/\/lavanderianuba.com\/#website\"},\"datePublished\":\"2025-12-23T09:00:59+00:00\",\"dateModified\":\"2026-03-20T10:55:37+00:00\",\"description\":\"Hemen aurkituko duzu webgune honen lege-oharra eta erabilera-baldintzak. Informazio guztia gardentasun osoz eskuragarri.\",\"breadcrumb\":{\"@id\":\"https:\/\/lavanderianuba.com\/aviso-legal\/#breadcrumb\"},\"inLanguage\":\"es\",\"potentialAction\":[{\"@type\":\"ReadAction\",\"target\":[\"https:\/\/lavanderianuba.com\/aviso-legal\/\"]}]},{\"@type\":\"BreadcrumbList\",\"@id\":\"https:\/\/lavanderianuba.com\/aviso-legal\/#breadcrumb\",\"itemListElement\":[{\"@type\":\"ListItem\",\"position\":1,\"name\":\"Portada\",\"item\":\"https:\/\/lavanderianuba.com\/\"},{\"@type\":\"ListItem\",\"position\":2,\"name\":\"Lege Informazioa\"}]},{\"@type\":\"WebSite\",\"@id\":\"https:\/\/lavanderianuba.com\/#website\",\"url\":\"https:\/\/lavanderianuba.com\/\",\"name\":\"Lavanderia NUBA\",\"description\":\"Lavander\u00eda industrial Gipuzkoa y Navarra\",\"potentialAction\":[{\"@type\":\"SearchAction\",\"target\":{\"@type\":\"EntryPoint\",\"urlTemplate\":\"https:\/\/lavanderianuba.com\/?s={search_term_string}\"},\"query-input\":{\"@type\":\"PropertyValueSpecification\",\"valueRequired\":true,\"valueName\":\"search_term_string\"}}],\"inLanguage\":\"es\"}]}<\/script>\n<!-- \/ Yoast SEO plugin. -->","yoast_head_json":{"title":"Lege Informazioa - Lavanderia NUBA","description":"Hemen aurkituko duzu webgune honen lege-oharra eta erabilera-baldintzak. Informazio guztia gardentasun osoz eskuragarri.","robots":{"index":"index","follow":"follow","max-snippet":"max-snippet:-1","max-image-preview":"max-image-preview:large","max-video-preview":"max-video-preview:-1"},"canonical":"https:\/\/lavanderianuba.com\/es\/aviso-legal\/","og_locale":"es_ES","og_type":"article","og_title":"Lege Informazioa - Lavanderia NUBA","og_description":"Hemen aurkituko duzu webgune honen lege-oharra eta erabilera-baldintzak. Informazio guztia gardentasun osoz eskuragarri.","og_url":"https:\/\/lavanderianuba.com\/es\/aviso-legal\/","og_site_name":"Lavanderia NUBA","article_modified_time":"2026-03-20T10:55:37+00:00","twitter_card":"summary_large_image","twitter_misc":{"Tiempo de lectura":"6 minutos"},"schema":{"@context":"https:\/\/schema.org","@graph":[{"@type":"WebPage","@id":"https:\/\/lavanderianuba.com\/aviso-legal\/","url":"https:\/\/lavanderianuba.com\/aviso-legal\/","name":"Lege Informazioa - Lavanderia NUBA","isPartOf":{"@id":"https:\/\/lavanderianuba.com\/#website"},"datePublished":"2025-12-23T09:00:59+00:00","dateModified":"2026-03-20T10:55:37+00:00","description":"Hemen aurkituko duzu webgune honen lege-oharra eta erabilera-baldintzak. Informazio guztia gardentasun osoz eskuragarri.","breadcrumb":{"@id":"https:\/\/lavanderianuba.com\/aviso-legal\/#breadcrumb"},"inLanguage":"es","potentialAction":[{"@type":"ReadAction","target":["https:\/\/lavanderianuba.com\/aviso-legal\/"]}]},{"@type":"BreadcrumbList","@id":"https:\/\/lavanderianuba.com\/aviso-legal\/#breadcrumb","itemListElement":[{"@type":"ListItem","position":1,"name":"Portada","item":"https:\/\/lavanderianuba.com\/"},{"@type":"ListItem","position":2,"name":"Lege Informazioa"}]},{"@type":"WebSite","@id":"https:\/\/lavanderianuba.com\/#website","url":"https:\/\/lavanderianuba.com\/","name":"Lavanderia NUBA","description":"Lavander\u00eda industrial Gipuzkoa y Navarra","potentialAction":[{"@type":"SearchAction","target":{"@type":"EntryPoint","urlTemplate":"https:\/\/lavanderianuba.com\/?s={search_term_string}"},"query-input":{"@type":"PropertyValueSpecification","valueRequired":true,"valueName":"search_term_string"}}],"inLanguage":"es"}]}},"_links":{"self":[{"href":"https:\/\/lavanderianuba.com\/es\/wp-json\/wp\/v2\/pages\/1184","targetHints":{"allow":["GET"]}}],"collection":[{"href":"https:\/\/lavanderianuba.com\/es\/wp-json\/wp\/v2\/pages"}],"about":[{"href":"https:\/\/lavanderianuba.com\/es\/wp-json\/wp\/v2\/types\/page"}],"author":[{"embeddable":true,"href":"https:\/\/lavanderianuba.com\/es\/wp-json\/wp\/v2\/users\/1"}],"replies":[{"embeddable":true,"href":"https:\/\/lavanderianuba.com\/es\/wp-json\/wp\/v2\/comments?post=1184"}],"version-history":[{"count":4,"href":"https:\/\/lavanderianuba.com\/es\/wp-json\/wp\/v2\/pages\/1184\/revisions"}],"predecessor-version":[{"id":1460,"href":"https:\/\/lavanderianuba.com\/es\/wp-json\/wp\/v2\/pages\/1184\/revisions\/1460"}],"wp:attachment":[{"href":"https:\/\/lavanderianuba.com\/es\/wp-json\/wp\/v2\/media?parent=1184"}],"curies":[{"name":"wp","href":"https:\/\/api.w.org\/{rel}","templated":true}]}}