{"id":145,"date":"2025-09-26T13:32:30","date_gmt":"2025-09-26T11:32:30","guid":{"rendered":"https:\/\/lavanderianuba.com\/?page_id=145"},"modified":"2026-03-20T09:36:16","modified_gmt":"2026-03-20T08:36:16","slug":"nuestros-clientes","status":"publish","type":"page","link":"https:\/\/lavanderianuba.com\/eu\/nuestros-clientes\/","title":{"rendered":"Garbitegi industrialaren bezeroak"},"content":{"rendered":"\n[et_pb_section fb_built=\u00bb1&#8243; custom_padding_last_edited=\u00bbon|phone\u00bb _builder_version=\u00bb4.27.4&#8243; _module_preset=\u00bbdefault\u00bb background_enable_image=\u00bboff\u00bb custom_margin=\u00bb0px||0px||false|false\u00bb custom_margin_tablet=\u00bb||0px||false|false\u00bb custom_margin_phone=\u00bb0px||||false|false\u00bb custom_margin_last_edited=\u00bbon|phone\u00bb custom_padding=\u00bb0px||0px||false|false\u00bb custom_padding_tablet=\u00bb||0px||false|false\u00bb custom_padding_phone=\u00bb0px||||false|false\u00bb global_colors_info=\u00bb{}\u00bb][et_pb_row column_structure=\u00bb2_5,3_5&#8243; _builder_version=\u00bb4.27.4&#8243; _module_preset=\u00bbdefault\u00bb global_colors_info=\u00bb{}\u00bb][et_pb_column type=\u00bb2_5&#8243; _builder_version=\u00bb4.27.4&#8243; _module_preset=\u00bbdefault\u00bb global_colors_info=\u00bb{}\u00bb][et_pb_text _builder_version=\u00bb4.27.4&#8243; _module_preset=\u00bbdefault\u00bb header_font_size=\u00bb40px\u00bb text_orientation_tablet=\u00bb\u00bb text_orientation_phone=\u00bbcenter\u00bb text_orientation_last_edited=\u00bbon|phone\u00bb global_colors_info=\u00bb{}\u00bb]<h1 style=\"text-align: left;\">Clientes que ya conf\u00edan<br \/>en nuestros servicios<\/h1>[\/et_pb_text][et_pb_text content_tablet=\u00bb<p><strong>Empresas del sector industrial en el Pa\u00eds Vasco y Navarra conf\u00edan en nuestra experiencia<\/strong> en lavander\u00eda industrial, ofreciendo un servicio especializado y de calidad adaptado a sus necesidades.<\/p>\u00bb content_phone=\u00bb<p><strong>Empresas del sector industrial en el Pa\u00eds Vasco y Navarra conf\u00edan en nuestra experiencia<\/strong> en lavander\u00eda industrial, ofreciendo un servicio especializado y de calidad adaptado a sus necesidades.<\/p>\u00bb content_last_edited=\u00bbon|phone\u00bb _builder_version=\u00bb4.27.4&#8243; _module_preset=\u00bbdefault\u00bb text_orientation_tablet=\u00bb\u00bb text_orientation_phone=\u00bbleft\u00bb text_orientation_last_edited=\u00bbon|phone\u00bb global_colors_info=\u00bb{}\u00bb]<p><strong>Empresas del sector industrial en el Pa\u00eds Vasco y Navarra conf\u00edan en nuestra experiencia<\/strong> en lavander\u00eda industrial, ofreciendo un servicio especializado y de calidad adaptado a sus necesidades.<\/p>[\/et_pb_text][\/et_pb_column][et_pb_column type=\u00bb3_5&#8243; _builder_version=\u00bb4.27.4&#8243; _module_preset=\u00bbdefault\u00bb global_colors_info=\u00bb{}\u00bb][et_pb_code disabled_on=\u00bbon|on|off\u00bb _builder_version=\u00bb4.27.4&#8243; _module_preset=\u00bbdefault\u00bb custom_margin=\u00bb-38px||||false|false\u00bb custom_margin_tablet=\u00bb-38px||||false|false\u00bb custom_margin_phone=\u00bb-38px||||false|false\u00bb custom_margin_last_edited=\u00bbon|desktop\u00bb custom_padding_tablet=\u00bb\u00bb custom_padding_phone=\u00bb\u00bb custom_padding_last_edited=\u00bbon|desktop\u00bb global_colors_info=\u00bb{}\u00bb]<style><!-- [et_pb_line_break_holder] -->.logo-section {<!-- [et_pb_line_break_holder] -->max-width: 1920px;<!-- [et_pb_line_break_holder] -->margin: 0 auto;<!-- [et_pb_line_break_holder] -->padding: 40px 20px;<!-- [et_pb_line_break_holder] -->display: flex;<!-- [et_pb_line_break_holder] -->flex-direction: column;<!-- [et_pb_line_break_holder] -->gap: 30px;<!-- [et_pb_line_break_holder] -->}<!-- [et_pb_line_break_holder] --><!-- [et_pb_line_break_holder] -->.logo-row {<!-- [et_pb_line_break_holder] -->display: flex;<!-- [et_pb_line_break_holder] -->justify-content: center;<!-- [et_pb_line_break_holder] -->flex-wrap: wrap;<!-- [et_pb_line_break_holder] -->gap: 25px;<!-- [et_pb_line_break_holder] -->}<!-- [et_pb_line_break_holder] --><!-- [et_pb_line_break_holder] -->\/* Tarjetas *\/<!-- [et_pb_line_break_holder] -->.logo-card {<!-- [et_pb_line_break_holder] -->background: #fff;<!-- [et_pb_line_break_holder] -->padding: 25px;<!-- [et_pb_line_break_holder] -->border-radius: 12px;<!-- [et_pb_line_break_holder] -->box-shadow: 0 6px 18px rgba(0,0,0,0.1);<!-- [et_pb_line_break_holder] -->display: flex;<!-- [et_pb_line_break_holder] -->justify-content: center;<!-- [et_pb_line_break_holder] -->align-items: center;<!-- [et_pb_line_break_holder] -->min-width: 180px;<!-- [et_pb_line_break_holder] -->max-width: 220px;<!-- [et_pb_line_break_holder] -->opacity: 0;<!-- [et_pb_line_break_holder] -->transform: translateY(15px);<!-- [et_pb_line_break_holder] -->animation: fadeInUp 0.8s forwards;<!-- [et_pb_line_break_holder] -->transition: transform 0.3s ease, box-shadow 0.3s ease;<!-- [et_pb_line_break_holder] -->}<!-- [et_pb_line_break_holder] --><!-- [et_pb_line_break_holder] -->.logo-card:hover {<!-- [et_pb_line_break_holder] -->transform: translateY(-8px) scale(1.03);<!-- [et_pb_line_break_holder] -->box-shadow: 0 10px 25px rgba(0,0,0,0.2);<!-- [et_pb_line_break_holder] -->}<!-- [et_pb_line_break_holder] --><!-- [et_pb_line_break_holder] -->.logo-card img {<!-- [et_pb_line_break_holder] -->max-width: 140px;<!-- [et_pb_line_break_holder] -->max-height: 140px;<!-- [et_pb_line_break_holder] -->object-fit: contain;<!-- [et_pb_line_break_holder] -->transition: transform 0.3s ease;<!-- [et_pb_line_break_holder] -->}<!-- [et_pb_line_break_holder] --><!-- [et_pb_line_break_holder] -->\/* Animaci\u00f3n secuencial *\/<!-- [et_pb_line_break_holder] -->.logo-card:nth-child(1) { animation-delay: 0.1s; }<!-- [et_pb_line_break_holder] -->.logo-card:nth-child(2) { animation-delay: 0.2s; }<!-- [et_pb_line_break_holder] -->.logo-card:nth-child(3) { animation-delay: 0.3s; }<!-- [et_pb_line_break_holder] -->.logo-card:nth-child(4) { animation-delay: 0.4s; }<!-- [et_pb_line_break_holder] -->.logo-card:nth-child(5) { animation-delay: 0.5s; }<!-- [et_pb_line_break_holder] -->.logo-card:nth-child(6) { animation-delay: 0.6s; }<!-- [et_pb_line_break_holder] -->.logo-card:nth-child(7) { animation-delay: 0.7s; }<!-- [et_pb_line_break_holder] -->.logo-card:nth-child(8) { animation-delay: 0.8s; }<!-- [et_pb_line_break_holder] -->.logo-card:nth-child(9) { animation-delay: 0.9s; }<!-- [et_pb_line_break_holder] --><!-- [et_pb_line_break_holder] -->@keyframes fadeInUp {<!-- [et_pb_line_break_holder] -->to { opacity: 1; transform: translateY(0); }<!-- [et_pb_line_break_holder] -->}<!-- [et_pb_line_break_holder] --><!-- [et_pb_line_break_holder] -->\/* Escritorio *\/<!-- [et_pb_line_break_holder] -->@media (min-width: 1201px) {<!-- [et_pb_line_break_holder] -->.logo-card {<!-- [et_pb_line_break_holder] -->min-width: 200px;<!-- [et_pb_line_break_holder] -->max-width: 240px;<!-- [et_pb_line_break_holder] -->padding: 30px;<!-- [et_pb_line_break_holder] -->}<!-- [et_pb_line_break_holder] -->.logo-card img {<!-- [et_pb_line_break_holder] -->max-width: 160px;<!-- [et_pb_line_break_holder] -->max-height: 160px;<!-- [et_pb_line_break_holder] -->}<!-- [et_pb_line_break_holder] -->}<!-- [et_pb_line_break_holder] --><!-- [et_pb_line_break_holder] -->\/* Tablet *\/<!-- [et_pb_line_break_holder] -->@media (max-width: 1200px) {<!-- [et_pb_line_break_holder] -->.logo-card {<!-- [et_pb_line_break_holder] -->min-width: 150px;<!-- [et_pb_line_break_holder] -->max-width: 180px;<!-- [et_pb_line_break_holder] -->padding: 20px;<!-- [et_pb_line_break_holder] -->}<!-- [et_pb_line_break_holder] -->.logo-card img {<!-- [et_pb_line_break_holder] -->max-width: 120px;<!-- [et_pb_line_break_holder] -->max-height: 120px;<!-- [et_pb_line_break_holder] -->}<!-- [et_pb_line_break_holder] -->}<!-- [et_pb_line_break_holder] --><!-- [et_pb_line_break_holder] -->\/* M\u00f3vil *\/<!-- [et_pb_line_break_holder] -->@media (max-width: 800px) {<!-- [et_pb_line_break_holder] -->.logo-card {<!-- [et_pb_line_break_holder] -->flex: 0 0 45%;<!-- [et_pb_line_break_holder] -->max-width: 45%;<!-- [et_pb_line_break_holder] -->padding: 15px;<!-- [et_pb_line_break_holder] -->}<!-- [et_pb_line_break_holder] -->.logo-card img {<!-- [et_pb_line_break_holder] -->max-width: 100px;<!-- [et_pb_line_break_holder] -->max-height: 100px;<!-- [et_pb_line_break_holder] -->}<!-- [et_pb_line_break_holder] -->}<!-- [et_pb_line_break_holder] --><!-- [et_pb_line_break_holder] -->\/* Extra peque\u00f1o *\/<!-- [et_pb_line_break_holder] -->@media (max-width: 500px) {<!-- [et_pb_line_break_holder] -->.logo-card {<!-- [et_pb_line_break_holder] -->flex: 0 0 48%;<!-- [et_pb_line_break_holder] -->max-width: 48%;<!-- [et_pb_line_break_holder] -->padding: 12px;<!-- [et_pb_line_break_holder] -->}<!-- [et_pb_line_break_holder] -->.logo-card img {<!-- [et_pb_line_break_holder] -->max-width: 80px;<!-- [et_pb_line_break_holder] -->max-height: 80px;<!-- [et_pb_line_break_holder] -->}<!-- [et_pb_line_break_holder] -->}<!-- [et_pb_line_break_holder] --><!-- [et_pb_line_break_holder] -->\/* \ud83d\udd27 FIX: asegurar visibilidad en tablet y m\u00f3vil *\/<!-- [et_pb_line_break_holder] -->@media (max-width: 1200px) {<!-- [et_pb_line_break_holder] -->.logo-card {<!-- [et_pb_line_break_holder] -->opacity: 1;<!-- [et_pb_line_break_holder] -->transform: none;<!-- [et_pb_line_break_holder] -->}<!-- [et_pb_line_break_holder] -->}<!-- [et_pb_line_break_holder] --><\/style><!-- [et_pb_line_break_holder] --><!-- [et_pb_line_break_holder] --><div class=\"logo-section\"><!-- [et_pb_line_break_holder] --><!-- [et_pb_line_break_holder] --><div class=\"logo-row\"><!-- [et_pb_line_break_holder] --><div class=\"logo-card\"><img decoding=\"async\" src=\"https:\/\/lavanderianuba.com\/wp-content\/uploads\/2025\/09\/fagor.svg\" alt=\"Fagor\"><\/div><!-- [et_pb_line_break_holder] --><div class=\"logo-card\"><img decoding=\"async\" src=\"https:\/\/lavanderianuba.com\/wp-content\/uploads\/2025\/09\/man.svg\" alt=\"Man\"><\/div><!-- [et_pb_line_break_holder] --><div class=\"logo-card\"><img decoding=\"async\" src=\"https:\/\/lavanderianuba.com\/wp-content\/uploads\/2025\/09\/ingeteam.svg\" alt=\"Ingeteam\"><\/div><!-- [et_pb_line_break_holder] --><\/div><!-- [et_pb_line_break_holder] --><!-- [et_pb_line_break_holder] --><div class=\"logo-row\"><!-- [et_pb_line_break_holder] --><div class=\"logo-card\"><img decoding=\"async\" src=\"https:\/\/lavanderianuba.com\/wp-content\/uploads\/2025\/09\/olarra.svg\" alt=\"Olarra\"><\/div><!-- [et_pb_line_break_holder] --><div class=\"logo-card\"><img decoding=\"async\" src=\"https:\/\/lavanderianuba.com\/wp-content\/uploads\/2025\/09\/rpk.svg\" alt=\"RPK\"><\/div><!-- [et_pb_line_break_holder] --><div class=\"logo-card\"><img decoding=\"async\" src=\"https:\/\/lavanderianuba.com\/wp-content\/uploads\/2025\/09\/draxton.svg\" alt=\"Draxton\"><\/div><!-- [et_pb_line_break_holder] --><\/div><!-- [et_pb_line_break_holder] --><!-- [et_pb_line_break_holder] --><div class=\"logo-row\"><!-- [et_pb_line_break_holder] --><div class=\"logo-card\"><img decoding=\"async\" src=\"https:\/\/lavanderianuba.com\/wp-content\/uploads\/2025\/09\/Dikar.svg\" alt=\"Dikar\"><\/div><!-- [et_pb_line_break_holder] --><div class=\"logo-card\"><img decoding=\"async\" src=\"https:\/\/lavanderianuba.com\/wp-content\/uploads\/2025\/09\/cegasa.svg\" alt=\"Cegasa\"><\/div><!-- [et_pb_line_break_holder] --><div class=\"logo-card\"><img decoding=\"async\" src=\"https:\/\/lavanderianuba.com\/wp-content\/uploads\/2025\/09\/betsaide.svg\" alt=\"Betsaide\"><\/div><!-- [et_pb_line_break_holder] --><\/div><!-- [et_pb_line_break_holder] --><!-- [et_pb_line_break_holder] --><div class=\"logo-row\"><!-- [et_pb_line_break_holder] --><div class=\"logo-card\"><img decoding=\"async\" src=\"https:\/\/lavanderianuba.com\/wp-content\/uploads\/2025\/12\/Plantilla-svg-512-x-512-30.svg\" alt=\"ArcelorMittal\"><\/div><!-- [et_pb_line_break_holder] --><div class=\"logo-card\"><img decoding=\"async\" src=\"https:\/\/lavanderianuba.com\/wp-content\/uploads\/2025\/12\/Plantilla-svg-512-x-512-31.svg\" alt=\"ULMA\"><\/div><!-- [et_pb_line_break_holder] --><div class=\"logo-card\"><img decoding=\"async\" src=\"https:\/\/lavanderianuba.com\/wp-content\/uploads\/2025\/12\/Plantilla-svg-512-x-512-34.svg\" alt=\"Estanda\"><\/div><!-- [et_pb_line_break_holder] --><\/div><!-- [et_pb_line_break_holder] --><!-- [et_pb_line_break_holder] --><div class=\"logo-row\"><!-- [et_pb_line_break_holder] --><div class=\"logo-card\"><img decoding=\"async\" src=\"https:\/\/lavanderianuba.com\/wp-content\/uploads\/2025\/12\/Plantilla-svg-512-x-512-32.svg\" alt=\"Haizea Bilbao\"><\/div><!-- [et_pb_line_break_holder] --><div class=\"logo-card\"><img decoding=\"async\" src=\"https:\/\/lavanderianuba.com\/wp-content\/uploads\/2025\/12\/Plantilla-svg-512-x-512-33-2.svg\" alt=\"Ohine\"><\/div><!-- [et_pb_line_break_holder] --><div class=\"logo-card\"><img decoding=\"async\" src=\"https:\/\/lavanderianuba.com\/wp-content\/uploads\/2025\/12\/Plantilla-svg-512-x-512-35.svg\" alt=\"Euskal Forging\"><\/div><!-- [et_pb_line_break_holder] --><\/div><!-- [et_pb_line_break_holder] --><!-- [et_pb_line_break_holder] --><\/div><!-- [et_pb_line_break_holder] -->[\/et_pb_code][\/et_pb_column][\/et_pb_row][\/et_pb_section][et_pb_section fb_built=\u00bb1&#8243; disabled_on=\u00bboff|off|on\u00bb _builder_version=\u00bb4.27.4&#8243; _module_preset=\u00bbdefault\u00bb background_color=\u00bb#F0F0F0&#8243; custom_margin=\u00bb0px||0px||false|false\u00bb custom_padding=\u00bb0px||0px||false|false\u00bb scroll_vertical_motion_enable=\u00bboff\u00bb global_colors_info=\u00bb{}\u00bb][et_pb_row _builder_version=\u00bb4.27.4&#8243; _module_preset=\u00bbdefault\u00bb global_colors_info=\u00bb{}\u00bb][et_pb_column type=\u00bb4_4&#8243; _builder_version=\u00bb4.27.4&#8243; _module_preset=\u00bbdefault\u00bb global_colors_info=\u00bb{}\u00bb][et_pb_image src=\u00bbhttps:\/\/lavanderianuba.com\/wp-content\/uploads\/2025\/12\/logos_media.svg\u00bb alt=\u00bbClientes lavanderia Nuba\u00bb title_text=\u00bblogos_media\u00bb _builder_version=\u00bb4.27.4&#8243; _module_preset=\u00bbdefault\u00bb global_colors_info=\u00bb{}\u00bb][\/et_pb_image][\/et_pb_column][\/et_pb_row][\/et_pb_section][et_pb_section fb_built=\u00bb1&#8243; disabled_on=\u00bboff|off|off\u00bb _builder_version=\u00bb4.27.4&#8243; _module_preset=\u00bbdefault\u00bb background_color=\u00bbRGBA(69,151,209,0.19)\u00bb global_colors_info=\u00bb{}\u00bb][et_pb_row _builder_version=\u00bb4.27.4&#8243; _module_preset=\u00bbdefault\u00bb width=\u00bb85%\u00bb scroll_scaling_enable=\u00bbon\u00bb global_colors_info=\u00bb{}\u00bb][et_pb_column type=\u00bb4_4&#8243; _builder_version=\u00bb4.27.4&#8243; _module_preset=\u00bbdefault\u00bb global_colors_info=\u00bb{}\u00bb][et_pb_button button_url=\u00bbhttps:\/\/lavanderianuba.com\/es\/vacantes-lavanderia-industrial\/\u00bb url_new_window=\u00bbon\u00bb button_text=\u00bb\u00bfTe interesa trabajar con nosotros?\u00bb button_alignment=\u00bbcenter\u00bb _builder_version=\u00bb4.27.4&#8243; _module_preset=\u00bbdefault\u00bb custom_button=\u00bbon\u00bb button_text_color=\u00bb#FFFFFF\u00bb button_bg_color=\u00bb#001983&#8243; button_border_color=\u00bbRGBA(255,255,255,0)\u00bb button_border_radius=\u00bb65px\u00bb locked=\u00bboff\u00bb global_colors_info=\u00bb{}\u00bb button_bg_color__hover_enabled=\u00bbon|desktop\u00bb button_bg_color__hover=\u00bb#FFFFFF\u00bb button_bg_enable_color__hover=\u00bbon\u00bb button_text_color__hover_enabled=\u00bbon|hover\u00bb button_text_color__hover=\u00bb#001983&#8243;][\/et_pb_button][\/et_pb_column][\/et_pb_row][\/et_pb_section]\n","protected":false},"excerpt":{"rendered":"<p>Clientes que ya conf\u00edanen nuestros serviciosEmpresas del sector industrial en el Pa\u00eds Vasco y Navarra conf\u00edan en nuestra experiencia en lavander\u00eda industrial, ofreciendo un servicio especializado y de calidad adaptado a sus necesidades.<\/p>","protected":false},"author":1,"featured_media":0,"parent":0,"menu_order":0,"comment_status":"closed","ping_status":"closed","template":"","meta":{"_et_pb_use_builder":"on","_et_pb_old_content":"","_et_gb_content_width":"","inline_featured_image":false,"footnotes":""},"class_list":["post-145","page","type-page","status-publish","hentry"],"yoast_head":"<!-- This site is optimized with the Yoast SEO plugin v27.2 - https:\/\/yoast.com\/product\/yoast-seo-wordpress\/ -->\n<title>Garbitegi industrialaren bezeroak - Lavanderia NUBA<\/title>\n<meta name=\"description\" content=\"Ezagutu gure bezeroak eta ezagutu zergatik fidatzen diren gure Nuba garbitegi industriala, zerbitzu profesional eta kalitatezkoa.\" \/>\n<meta name=\"robots\" content=\"index, follow, max-snippet:-1, max-image-preview:large, max-video-preview:-1\" \/>\n<link rel=\"canonical\" href=\"https:\/\/lavanderianuba.com\/eu\/nuestros-clientes\/\" \/>\n<meta property=\"og:locale\" content=\"en_US\" \/>\n<meta property=\"og:type\" content=\"article\" \/>\n<meta property=\"og:title\" content=\"Garbitegi industrialaren bezeroak - Lavanderia NUBA\" \/>\n<meta property=\"og:description\" content=\"Ezagutu gure bezeroak eta ezagutu zergatik fidatzen diren gure Nuba garbitegi industriala, zerbitzu profesional eta kalitatezkoa.\" \/>\n<meta property=\"og:url\" content=\"https:\/\/lavanderianuba.com\/eu\/nuestros-clientes\/\" \/>\n<meta property=\"og:site_name\" content=\"Lavanderia NUBA\" \/>\n<meta property=\"article:modified_time\" content=\"2026-03-20T08:36:16+00:00\" \/>\n<meta property=\"og:image\" content=\"https:\/\/lavanderianuba.com\/wp-content\/uploads\/2025\/09\/fagor.svg\" \/>\n<meta name=\"twitter:card\" content=\"summary_large_image\" \/>\n<meta name=\"twitter:label1\" content=\"Est. reading time\" \/>\n\t<meta name=\"twitter:data1\" content=\"4 minutua\" \/>\n<script type=\"application\/ld+json\" class=\"yoast-schema-graph\">{\"@context\":\"https:\/\/schema.org\",\"@graph\":[{\"@type\":\"WebPage\",\"@id\":\"https:\/\/lavanderianuba.com\/nuestros-clientes\/\",\"url\":\"https:\/\/lavanderianuba.com\/nuestros-clientes\/\",\"name\":\"Garbitegi industrialaren bezeroak - Lavanderia NUBA\",\"isPartOf\":{\"@id\":\"https:\/\/lavanderianuba.com\/#website\"},\"primaryImageOfPage\":{\"@id\":\"https:\/\/lavanderianuba.com\/nuestros-clientes\/#primaryimage\"},\"image\":{\"@id\":\"https:\/\/lavanderianuba.com\/nuestros-clientes\/#primaryimage\"},\"thumbnailUrl\":\"https:\/\/lavanderianuba.com\/wp-content\/uploads\/2025\/09\/fagor.svg\",\"datePublished\":\"2025-09-26T11:32:30+00:00\",\"dateModified\":\"2026-03-20T08:36:16+00:00\",\"description\":\"Ezagutu gure bezeroak eta ezagutu zergatik fidatzen diren gure Nuba garbitegi industriala, zerbitzu profesional eta kalitatezkoa.\",\"breadcrumb\":{\"@id\":\"https:\/\/lavanderianuba.com\/nuestros-clientes\/#breadcrumb\"},\"inLanguage\":\"eu\",\"potentialAction\":[{\"@type\":\"ReadAction\",\"target\":[\"https:\/\/lavanderianuba.com\/nuestros-clientes\/\"]}]},{\"@type\":\"ImageObject\",\"inLanguage\":\"eu\",\"@id\":\"https:\/\/lavanderianuba.com\/nuestros-clientes\/#primaryimage\",\"url\":\"https:\/\/lavanderianuba.com\/wp-content\/uploads\/2025\/09\/fagor.svg\",\"contentUrl\":\"https:\/\/lavanderianuba.com\/wp-content\/uploads\/2025\/09\/fagor.svg\"},{\"@type\":\"BreadcrumbList\",\"@id\":\"https:\/\/lavanderianuba.com\/nuestros-clientes\/#breadcrumb\",\"itemListElement\":[{\"@type\":\"ListItem\",\"position\":1,\"name\":\"Portada\",\"item\":\"https:\/\/lavanderianuba.com\/\"},{\"@type\":\"ListItem\",\"position\":2,\"name\":\"Garbitegi industrialaren bezeroak\"}]},{\"@type\":\"WebSite\",\"@id\":\"https:\/\/lavanderianuba.com\/#website\",\"url\":\"https:\/\/lavanderianuba.com\/\",\"name\":\"Lavanderia NUBA\",\"description\":\"Lavander\u00eda industrial Gipuzkoa y Navarra\",\"potentialAction\":[{\"@type\":\"SearchAction\",\"target\":{\"@type\":\"EntryPoint\",\"urlTemplate\":\"https:\/\/lavanderianuba.com\/?s={search_term_string}\"},\"query-input\":{\"@type\":\"PropertyValueSpecification\",\"valueRequired\":true,\"valueName\":\"search_term_string\"}}],\"inLanguage\":\"eu\"}]}<\/script>\n<!-- \/ Yoast SEO plugin. -->","yoast_head_json":{"title":"Garbitegi industrialaren bezeroak - Lavanderia NUBA","description":"Ezagutu gure bezeroak eta ezagutu zergatik fidatzen diren gure Nuba garbitegi industriala, zerbitzu profesional eta kalitatezkoa.","robots":{"index":"index","follow":"follow","max-snippet":"max-snippet:-1","max-image-preview":"max-image-preview:large","max-video-preview":"max-video-preview:-1"},"canonical":"https:\/\/lavanderianuba.com\/eu\/nuestros-clientes\/","og_locale":"en_US","og_type":"article","og_title":"Garbitegi industrialaren bezeroak - Lavanderia NUBA","og_description":"Ezagutu gure bezeroak eta ezagutu zergatik fidatzen diren gure Nuba garbitegi industriala, zerbitzu profesional eta kalitatezkoa.","og_url":"https:\/\/lavanderianuba.com\/eu\/nuestros-clientes\/","og_site_name":"Lavanderia NUBA","article_modified_time":"2026-03-20T08:36:16+00:00","og_image":[{"url":"https:\/\/lavanderianuba.com\/wp-content\/uploads\/2025\/09\/fagor.svg","type":"","width":"","height":""}],"twitter_card":"summary_large_image","twitter_misc":{"Est. reading time":"4 minutua"},"schema":{"@context":"https:\/\/schema.org","@graph":[{"@type":"WebPage","@id":"https:\/\/lavanderianuba.com\/nuestros-clientes\/","url":"https:\/\/lavanderianuba.com\/nuestros-clientes\/","name":"Garbitegi industrialaren bezeroak - Lavanderia NUBA","isPartOf":{"@id":"https:\/\/lavanderianuba.com\/#website"},"primaryImageOfPage":{"@id":"https:\/\/lavanderianuba.com\/nuestros-clientes\/#primaryimage"},"image":{"@id":"https:\/\/lavanderianuba.com\/nuestros-clientes\/#primaryimage"},"thumbnailUrl":"https:\/\/lavanderianuba.com\/wp-content\/uploads\/2025\/09\/fagor.svg","datePublished":"2025-09-26T11:32:30+00:00","dateModified":"2026-03-20T08:36:16+00:00","description":"Ezagutu gure bezeroak eta ezagutu zergatik fidatzen diren gure Nuba garbitegi industriala, zerbitzu profesional eta kalitatezkoa.","breadcrumb":{"@id":"https:\/\/lavanderianuba.com\/nuestros-clientes\/#breadcrumb"},"inLanguage":"eu","potentialAction":[{"@type":"ReadAction","target":["https:\/\/lavanderianuba.com\/nuestros-clientes\/"]}]},{"@type":"ImageObject","inLanguage":"eu","@id":"https:\/\/lavanderianuba.com\/nuestros-clientes\/#primaryimage","url":"https:\/\/lavanderianuba.com\/wp-content\/uploads\/2025\/09\/fagor.svg","contentUrl":"https:\/\/lavanderianuba.com\/wp-content\/uploads\/2025\/09\/fagor.svg"},{"@type":"BreadcrumbList","@id":"https:\/\/lavanderianuba.com\/nuestros-clientes\/#breadcrumb","itemListElement":[{"@type":"ListItem","position":1,"name":"Portada","item":"https:\/\/lavanderianuba.com\/"},{"@type":"ListItem","position":2,"name":"Garbitegi industrialaren bezeroak"}]},{"@type":"WebSite","@id":"https:\/\/lavanderianuba.com\/#website","url":"https:\/\/lavanderianuba.com\/","name":"Lavanderia NUBA","description":"Lavander\u00eda industrial Gipuzkoa y Navarra","potentialAction":[{"@type":"SearchAction","target":{"@type":"EntryPoint","urlTemplate":"https:\/\/lavanderianuba.com\/?s={search_term_string}"},"query-input":{"@type":"PropertyValueSpecification","valueRequired":true,"valueName":"search_term_string"}}],"inLanguage":"eu"}]}},"_links":{"self":[{"href":"https:\/\/lavanderianuba.com\/eu\/wp-json\/wp\/v2\/pages\/145","targetHints":{"allow":["GET"]}}],"collection":[{"href":"https:\/\/lavanderianuba.com\/eu\/wp-json\/wp\/v2\/pages"}],"about":[{"href":"https:\/\/lavanderianuba.com\/eu\/wp-json\/wp\/v2\/types\/page"}],"author":[{"embeddable":true,"href":"https:\/\/lavanderianuba.com\/eu\/wp-json\/wp\/v2\/users\/1"}],"replies":[{"embeddable":true,"href":"https:\/\/lavanderianuba.com\/eu\/wp-json\/wp\/v2\/comments?post=145"}],"version-history":[{"count":72,"href":"https:\/\/lavanderianuba.com\/eu\/wp-json\/wp\/v2\/pages\/145\/revisions"}],"predecessor-version":[{"id":1457,"href":"https:\/\/lavanderianuba.com\/eu\/wp-json\/wp\/v2\/pages\/145\/revisions\/1457"}],"wp:attachment":[{"href":"https:\/\/lavanderianuba.com\/eu\/wp-json\/wp\/v2\/media?parent=145"}],"curies":[{"name":"wp","href":"https:\/\/api.w.org\/{rel}","templated":true}]}}