{"id":988,"date":"2025-12-19T11:56:50","date_gmt":"2025-12-19T10:56:50","guid":{"rendered":"https:\/\/lavanderianuba.com\/?page_id=988"},"modified":"2026-03-20T11:56:35","modified_gmt":"2026-03-20T10:56:35","slug":"politica-de-cookies","status":"publish","type":"page","link":"https:\/\/lavanderianuba.com\/eu\/politica-de-cookies\/","title":{"rendered":"Cookieen politika"},"content":{"rendered":"\n[et_pb_section fb_built=\u00bb1&#8243; _builder_version=\u00bb4.27.4&#8243; _module_preset=\u00bbdefault\u00bb global_colors_info=\u00bb{}\u00bb][et_pb_row _builder_version=\u00bb4.27.4&#8243; _module_preset=\u00bbdefault\u00bb global_colors_info=\u00bb{}\u00bb][et_pb_column type=\u00bb4_4&#8243; _builder_version=\u00bb4.27.4&#8243; _module_preset=\u00bbdefault\u00bb global_colors_info=\u00bb{}\u00bb][et_pb_code _builder_version=\u00bb4.27.4&#8243; _module_preset=\u00bbdefault\u00bb global_colors_info=\u00bb{}\u00bb]<!-- Start CookieYes cookie policy --><!-- [et_pb_line_break_holder] --><style><!-- [et_pb_line_break_holder] -->  a.cky-banner-element {<!-- [et_pb_line_break_holder] -->    padding: 8px 30px;<!-- [et_pb_line_break_holder] -->    background: #f8f9fa;<!-- [et_pb_line_break_holder] -->    color: #858a8f;<!-- [et_pb_line_break_holder] -->    border: 1px solid #dee2e6;<!-- [et_pb_line_break_holder] -->    box-sizing: border-box;<!-- [et_pb_line_break_holder] -->    border-radius: 2px;<!-- [et_pb_line_break_holder] -->    cursor: pointer;<!-- [et_pb_line_break_holder] -->    display: inline-block;<!-- [et_pb_line_break_holder] -->    margin: 10px 0; \/* espacio arriba y abajo del bot\u00f3n *\/<!-- [et_pb_line_break_holder] -->  }<!-- [et_pb_line_break_holder] --><!-- [et_pb_line_break_holder] -->  \/* Forzar color azul para los enlaces dentro de la pol\u00edtica *\/<!-- [et_pb_line_break_holder] -->  .cookie-policy-p a,<!-- [et_pb_line_break_holder] -->  .browser-links a {<!-- [et_pb_line_break_holder] -->    color: #0066cc !important;       \/* azul visible *\/<!-- [et_pb_line_break_holder] -->    text-decoration: underline !important;<!-- [et_pb_line_break_holder] -->  }<!-- [et_pb_line_break_holder] --><!-- [et_pb_line_break_holder] -->  .cookie-policy-p a:hover,<!-- [et_pb_line_break_holder] -->  .browser-links a:hover {<!-- [et_pb_line_break_holder] -->    text-decoration: none !important; \/* efecto hover *\/<!-- [et_pb_line_break_holder] -->  }<!-- [et_pb_line_break_holder] --><!-- [et_pb_line_break_holder] -->  .browser-links p {<!-- [et_pb_line_break_holder] -->    margin: 5px 0; \/* separa cada enlace *\/<!-- [et_pb_line_break_holder] -->  }<!-- [et_pb_line_break_holder] --><\/style><!-- [et_pb_line_break_holder] --><!-- [et_pb_line_break_holder] --><h1 class=\"cookie-policy-h1\">Pol\u00edtica de cookies<\/h1><!-- [et_pb_line_break_holder] --><!-- [et_pb_line_break_holder] --><div class=\"cookie-policy-date-container\"><!-- [et_pb_line_break_holder] -->  <pee>Fecha de entrada en vigor: Diciembre 19, 2025<\/pee><!-- [et_pb_line_break_holder] -->  <pee>\u00daltima actualizaci\u00f3n: Diciembre 19, 2025<\/pee><!-- [et_pb_line_break_holder] --><\/div><!-- [et_pb_line_break_holder] --><!-- [et_pb_line_break_holder] -->\u00a0<h2>\u00bfQu\u00e9 son las cookies?<\/h2><!-- [et_pb_line_break_holder] --><div class=\"cookie-policy-p\"><!-- [et_pb_line_break_holder] -->  <pee>Esta pol\u00edtica de cookies explica qu\u00e9 son las cookies, c\u00f3mo las usamos, los tipos de cookies que usamos (p. ej., la informaci\u00f3n que recopilamos al usar las cookies y c\u00f3mo se usa dicha informaci\u00f3n) y c\u00f3mo gestionar su configuraci\u00f3n de cookies.<\/pee><!-- [et_pb_line_break_holder] -->  <pee>Las cookies son archivos de texto peque\u00f1os que se usan para almacenar ciertos elementos de informaci\u00f3n. Se almacenan en su dispositivo cuando se carga un sitio web en su navegador. Estas cookies ayudan a garantizar que el sitio web funcione de manera adecuada, refuerzan la seguridad, ofrecen una experiencia de usuario mejor y analizan el rendimiento para identificar lo que funciona correctamente y lo que necesita mejoras.<\/pee><!-- [et_pb_line_break_holder] --><\/div><!-- [et_pb_line_break_holder] --><!-- [et_pb_line_break_holder] -->\u00a0<h2>\u00bfC\u00f3mo usamos las cookies?<\/h2><!-- [et_pb_line_break_holder] --><div class=\"cookie-policy-p\"><!-- [et_pb_line_break_holder] -->  <pee>Como la mayor\u00eda de los servicios en l\u00ednea, nuestro sitio web usa cookies de origen y cookies de terceros para varios prop\u00f3sitos. Las cookies de origen son b\u00e1sicamente necesarias para que el sitio web funcione de manera adecuada; no recopilan ning\u00fan dato personal identificable.<\/pee><!-- [et_pb_line_break_holder] -->  <pee>Las cookies de terceros que se usan en nuestro sitio web nos ayudan principalmente a comprender c\u00f3mo responde este; hacen un seguimiento sobre c\u00f3mo interact\u00faa usted con \u00e9l; protegen nuestros servicios; ofrecen publicidad de inter\u00e9s; y mejoran su experiencia de usuario en general, a la vez que optimizan la velocidad de sus interacciones posteriores en nuestro sitio web.<\/pee><!-- [et_pb_line_break_holder] --><\/div><!-- [et_pb_line_break_holder] --><!-- [et_pb_line_break_holder] -->\u00a0<h2>Tipos de cookies que usamos<\/h2><!-- [et_pb_line_break_holder] --><div class=\"cky-audit-table-element\"><\/div><!-- [et_pb_line_break_holder] --><!-- [et_pb_line_break_holder] -->\u00a0<h2 style=\"margin-bottom: 20px\">Gestionar preferencias de cookies<\/h2><!-- [et_pb_line_break_holder] --><a class=\"cky-banner-element\">Preferencias de consentimiento<\/a><!-- [et_pb_line_break_holder] --><!-- [et_pb_line_break_holder] --><div><!-- [et_pb_line_break_holder] -->  <pee>Podr\u00e1 modificar su configuraci\u00f3n de cookies en cualquier momento al hacer clic en el bot\u00f3n Preferencias de consentimiento, situado en la parte superior. Esta opci\u00f3n le permitir\u00e1 volver a visitar el banner de consentimiento de cookies y actualizar sus preferencias, o bien retirar su consentimiento de inmediato.<\/pee><!-- [et_pb_line_break_holder] -->  <pee>Asimismo, los diferentes navegadores ofrecen varios m\u00e9todos para bloquear y eliminar cookies que usan los sitios web. Puede modificar los ajustes de su navegador para bloquear o eliminar cookies. A continuaci\u00f3n, ver\u00e1 enlaces de documentos de ayuda para saber c\u00f3mo gestionar y eliminar cookies en los principales navegadores web.<\/pee><!-- [et_pb_line_break_holder] --><!-- [et_pb_line_break_holder] -->  <div class=\"browser-links\"><!-- [et_pb_line_break_holder] -->    <pee>Chrome: <a target=\"_blank\" rel=\"noopener noreferrer\" href=\"https:\/\/support.google.com\/accounts\/answer\/32050\">https:\/\/support.google.com\/accounts\/answer\/32050<\/a><\/pee><!-- [et_pb_line_break_holder] -->    <pee>Safari: <a target=\"_blank\" rel=\"noopener noreferrer\" href=\"https:\/\/support.apple.com\/en-in\/guide\/safari\/sfri11471\/mac\">https:\/\/support.apple.com\/en-in\/guide\/safari\/sfri11471\/mac<\/a><\/pee><!-- [et_pb_line_break_holder] -->    <pee>Firefox: <a target=\"_blank\" rel=\"noopener noreferrer\" href=\"https:\/\/support.mozilla.org\/en-US\/kb\/clear-cookies-and-site-data-firefox?redirectslug=delete-cookies-remove-info-websites-stored&#038;redirectlocale=en-US\">https:\/\/support.mozilla.org\/en-US\/kb\/clear-cookies-and-site-data-firefox?redirectslug=delete-cookies-remove-info-websites-stored&#038;redirectlocale=en-US<\/a><\/pee><!-- [et_pb_line_break_holder] -->    <pee>Internet Explorer: <a target=\"_blank\" rel=\"noopener noreferrer\" href=\"https:\/\/support.microsoft.com\/en-us\/topic\/how-to-delete-cookie-files-in-internet-explorer-bca9446f-d873-78de-77ba-d42645fa52fc\">https:\/\/support.microsoft.com\/en-us\/topic\/how-to-delete-cookie-files-in-internet-explorer-bca9446f-d873-78de-77ba-d42645fa52fc<\/a><\/pee><!-- [et_pb_line_break_holder] -->  <\/div><!-- [et_pb_line_break_holder] --><!-- [et_pb_line_break_holder] -->  <pee>Si usa otro navegador web, consulte la documentaci\u00f3n de ayuda oficial de este.<\/pee><!-- [et_pb_line_break_holder] --><\/div><!-- [et_pb_line_break_holder] -->\u00a0[\/et_pb_code][\/et_pb_column][\/et_pb_row][\/et_pb_section]\n","protected":false},"excerpt":{"rendered":"","protected":false},"author":1,"featured_media":0,"parent":0,"menu_order":0,"comment_status":"closed","ping_status":"closed","template":"","meta":{"_et_pb_use_builder":"on","_et_pb_old_content":"","_et_gb_content_width":"","inline_featured_image":false,"footnotes":""},"class_list":["post-988","page","type-page","status-publish","hentry"],"yoast_head":"<!-- This site is optimized with the Yoast SEO plugin v27.2 - https:\/\/yoast.com\/product\/yoast-seo-wordpress\/ -->\n<title>Cookieen politika - Lavanderia NUBA<\/title>\n<meta name=\"description\" content=\"Webgune honen cookie politikan nabigazioari buruzko informazio guztia aurkituko duzu. Kudeatu zure pribatutasuna hemen.\" \/>\n<meta name=\"robots\" content=\"index, follow, max-snippet:-1, max-image-preview:large, max-video-preview:-1\" \/>\n<link rel=\"canonical\" href=\"https:\/\/lavanderianuba.com\/eu\/politica-de-cookies\/\" \/>\n<meta property=\"og:locale\" content=\"en_US\" \/>\n<meta property=\"og:type\" content=\"article\" \/>\n<meta property=\"og:title\" content=\"Cookieen politika - Lavanderia NUBA\" \/>\n<meta property=\"og:description\" content=\"Webgune honen cookie politikan nabigazioari buruzko informazio guztia aurkituko duzu. Kudeatu zure pribatutasuna hemen.\" \/>\n<meta property=\"og:url\" content=\"https:\/\/lavanderianuba.com\/eu\/politica-de-cookies\/\" \/>\n<meta property=\"og:site_name\" content=\"Lavanderia NUBA\" \/>\n<meta property=\"article:modified_time\" content=\"2026-03-20T10:56:35+00:00\" \/>\n<meta name=\"twitter:card\" content=\"summary_large_image\" \/>\n<meta name=\"twitter:label1\" content=\"Est. reading time\" \/>\n\t<meta name=\"twitter:data1\" content=\"2 minutua\" \/>\n<script type=\"application\/ld+json\" class=\"yoast-schema-graph\">{\"@context\":\"https:\/\/schema.org\",\"@graph\":[{\"@type\":\"WebPage\",\"@id\":\"https:\/\/lavanderianuba.com\/politica-de-cookies\/\",\"url\":\"https:\/\/lavanderianuba.com\/politica-de-cookies\/\",\"name\":\"Cookieen politika - Lavanderia NUBA\",\"isPartOf\":{\"@id\":\"https:\/\/lavanderianuba.com\/#website\"},\"datePublished\":\"2025-12-19T10:56:50+00:00\",\"dateModified\":\"2026-03-20T10:56:35+00:00\",\"description\":\"Webgune honen cookie politikan nabigazioari buruzko informazio guztia aurkituko duzu. Kudeatu zure pribatutasuna hemen.\",\"breadcrumb\":{\"@id\":\"https:\/\/lavanderianuba.com\/politica-de-cookies\/#breadcrumb\"},\"inLanguage\":\"eu\",\"potentialAction\":[{\"@type\":\"ReadAction\",\"target\":[\"https:\/\/lavanderianuba.com\/politica-de-cookies\/\"]}]},{\"@type\":\"BreadcrumbList\",\"@id\":\"https:\/\/lavanderianuba.com\/politica-de-cookies\/#breadcrumb\",\"itemListElement\":[{\"@type\":\"ListItem\",\"position\":1,\"name\":\"Portada\",\"item\":\"https:\/\/lavanderianuba.com\/\"},{\"@type\":\"ListItem\",\"position\":2,\"name\":\"Cookieen politika\"}]},{\"@type\":\"WebSite\",\"@id\":\"https:\/\/lavanderianuba.com\/#website\",\"url\":\"https:\/\/lavanderianuba.com\/\",\"name\":\"Lavanderia NUBA\",\"description\":\"Lavander\u00eda industrial Gipuzkoa y Navarra\",\"potentialAction\":[{\"@type\":\"SearchAction\",\"target\":{\"@type\":\"EntryPoint\",\"urlTemplate\":\"https:\/\/lavanderianuba.com\/?s={search_term_string}\"},\"query-input\":{\"@type\":\"PropertyValueSpecification\",\"valueRequired\":true,\"valueName\":\"search_term_string\"}}],\"inLanguage\":\"eu\"}]}<\/script>\n<!-- \/ Yoast SEO plugin. -->","yoast_head_json":{"title":"Cookieen politika - Lavanderia NUBA","description":"Webgune honen cookie politikan nabigazioari buruzko informazio guztia aurkituko duzu. Kudeatu zure pribatutasuna hemen.","robots":{"index":"index","follow":"follow","max-snippet":"max-snippet:-1","max-image-preview":"max-image-preview:large","max-video-preview":"max-video-preview:-1"},"canonical":"https:\/\/lavanderianuba.com\/eu\/politica-de-cookies\/","og_locale":"en_US","og_type":"article","og_title":"Cookieen politika - Lavanderia NUBA","og_description":"Webgune honen cookie politikan nabigazioari buruzko informazio guztia aurkituko duzu. Kudeatu zure pribatutasuna hemen.","og_url":"https:\/\/lavanderianuba.com\/eu\/politica-de-cookies\/","og_site_name":"Lavanderia NUBA","article_modified_time":"2026-03-20T10:56:35+00:00","twitter_card":"summary_large_image","twitter_misc":{"Est. reading time":"2 minutua"},"schema":{"@context":"https:\/\/schema.org","@graph":[{"@type":"WebPage","@id":"https:\/\/lavanderianuba.com\/politica-de-cookies\/","url":"https:\/\/lavanderianuba.com\/politica-de-cookies\/","name":"Cookieen politika - Lavanderia NUBA","isPartOf":{"@id":"https:\/\/lavanderianuba.com\/#website"},"datePublished":"2025-12-19T10:56:50+00:00","dateModified":"2026-03-20T10:56:35+00:00","description":"Webgune honen cookie politikan nabigazioari buruzko informazio guztia aurkituko duzu. Kudeatu zure pribatutasuna hemen.","breadcrumb":{"@id":"https:\/\/lavanderianuba.com\/politica-de-cookies\/#breadcrumb"},"inLanguage":"eu","potentialAction":[{"@type":"ReadAction","target":["https:\/\/lavanderianuba.com\/politica-de-cookies\/"]}]},{"@type":"BreadcrumbList","@id":"https:\/\/lavanderianuba.com\/politica-de-cookies\/#breadcrumb","itemListElement":[{"@type":"ListItem","position":1,"name":"Portada","item":"https:\/\/lavanderianuba.com\/"},{"@type":"ListItem","position":2,"name":"Cookieen politika"}]},{"@type":"WebSite","@id":"https:\/\/lavanderianuba.com\/#website","url":"https:\/\/lavanderianuba.com\/","name":"Lavanderia NUBA","description":"Lavander\u00eda industrial Gipuzkoa y Navarra","potentialAction":[{"@type":"SearchAction","target":{"@type":"EntryPoint","urlTemplate":"https:\/\/lavanderianuba.com\/?s={search_term_string}"},"query-input":{"@type":"PropertyValueSpecification","valueRequired":true,"valueName":"search_term_string"}}],"inLanguage":"eu"}]}},"_links":{"self":[{"href":"https:\/\/lavanderianuba.com\/eu\/wp-json\/wp\/v2\/pages\/988","targetHints":{"allow":["GET"]}}],"collection":[{"href":"https:\/\/lavanderianuba.com\/eu\/wp-json\/wp\/v2\/pages"}],"about":[{"href":"https:\/\/lavanderianuba.com\/eu\/wp-json\/wp\/v2\/types\/page"}],"author":[{"embeddable":true,"href":"https:\/\/lavanderianuba.com\/eu\/wp-json\/wp\/v2\/users\/1"}],"replies":[{"embeddable":true,"href":"https:\/\/lavanderianuba.com\/eu\/wp-json\/wp\/v2\/comments?post=988"}],"version-history":[{"count":7,"href":"https:\/\/lavanderianuba.com\/eu\/wp-json\/wp\/v2\/pages\/988\/revisions"}],"predecessor-version":[{"id":1461,"href":"https:\/\/lavanderianuba.com\/eu\/wp-json\/wp\/v2\/pages\/988\/revisions\/1461"}],"wp:attachment":[{"href":"https:\/\/lavanderianuba.com\/eu\/wp-json\/wp\/v2\/media?parent=988"}],"curies":[{"name":"wp","href":"https:\/\/api.w.org\/{rel}","templated":true}]}}